{"id":103,"date":"2023-05-30T09:40:43","date_gmt":"2023-05-30T07:40:43","guid":{"rendered":"https:\/\/iug.htw-berlin.de\/start-it\/?page_id=103"},"modified":"2023-06-08T09:24:35","modified_gmt":"2023-06-08T07:24:35","slug":"8-6-2023-multiplier-event-berlin","status":"publish","type":"page","link":"https:\/\/iug.htw-berlin.de\/start-it\/8-6-2023-multiplier-event-berlin\/","title":{"rendered":"8.6.2023 Multiplier Event Berlin"},"content":{"rendered":"\n<p>Projekt StartIT (Prof. Dziergwa und Prof. Simbeck)<\/p>\n\n\n\n<p>15-18.00 Uhr <\/p>\n\n\n\n<p><a href=\"https:\/\/www.htw-berlin.de\/campus\/campus-wilhelminenhof\/\">HTW Berlin, Campus Wilhelminenhof<\/a><\/p>\n\n\n\n<p>Enjoy interesting workshops and presentations as well as international snacks and beverages!<\/p>\n\n\n\n<p>Agenda: <\/p>\n\n\n\n<p>15.30 Welcom<br>16.00 Uhr StartIT: Gestalte Deine eigene App! G119<br>16.45 Uhr Exkursionen ins Ausland &#8211; Vorstellung von Erasmus+\/StartIT (Diashow) G124\u00a0<br>17.15 Uhr StartIT: Entrepreneurship (Businessplan Canvas) G124<br>18.00 Close-Out<\/p>\n\n\n\n<h1 class=\"wp-block-heading\">Workshop: Gestalte deine eigene App!<\/h1>\n\n\n\n<p>F\u00fcr alle, die schon immer mal eine eigene Handy-App gestalten wollten, ist dieser Workshop genau das Richtige. Es werden keine Vorkenntnisse ben\u00f6tigt. Mit Hilfe einer einfachen und intuitiven Plattform kannst du deine eigene App gestalten, testen und teilen. Bitte bring ein Smartphone mit (Iphone oder Android).<\/p>\n\n\n\n<p><strong>Ort:&nbsp;<\/strong>Geb\u00e4ude G, Raum 119<strong><br>Uhrzeit:<\/strong>&nbsp;16:00 Uhr<br><strong>Dauer:<\/strong>&nbsp;45 Minuten<\/p>\n\n\n\n<h1 class=\"wp-block-heading\">StartIT Future Skills und Exkursionen ins Ausland<\/h1>\n\n\n\n<p>In diesem Vortrag stellen wir das Erasmus+ Projekt StartIT vor, in welchem future skills in Verbindung mit IT-Kompetenzen und Entrepreneurship vermittelt werden. Studierende des Studiengangs Wirtschaftsinformatik entwickelten gemeinsam mit Studierenden aus f\u00fcnf EU-L\u00e4ndern Apps und Business Pl\u00e4ne. F\u00fcr alle Teilnehmenden gibt es kleine internationale Snacks.<\/p>\n\n\n\n<p><strong>Ort:<\/strong>&nbsp;Geb\u00e4ude G, Raum 124<strong><br>Uhrzeit:<\/strong>&nbsp;16:45 Uhr<br><strong>Dauer:<\/strong>&nbsp;30 Minuten<\/p>\n\n\n\n<h1 class=\"wp-block-heading\">Workshop: Entrepreneurship<\/h1>\n\n\n\n<p>In dem Workshop \u201cStartIT: Entrepreneurship\u201d werden wir uns mit dem Businessplan Canvas besch\u00e4ftigen und zeigen, wie man Gesch\u00e4ftsideen strukturiert und visualisiert. Die Teilnehmenden k\u00f6nnen lernen wie man Zielgruppen definiert, Werteversprechen f\u00fcr die Kundinnen und Kunden beschreibt und Gesch\u00e4ftsmodelle entwickelt. Dieser Workshop ist eine gro\u00dfartige Gelegenheit f\u00fcr alle, die sich f\u00fcr Unternehmertum interessieren und ihre F\u00e4higkeiten in diesem Bereich verbessern m\u00f6chten.<\/p>\n\n\n\n<p><strong>Ort:<\/strong>&nbsp;Geb\u00e4ude G, Raum 124<br><strong>Uhrzeit:<\/strong>&nbsp;17:15 Uhr<br><strong>Dauer:<\/strong>&nbsp;30 Minuten<\/p>\n","protected":false},"excerpt":{"rendered":"<p>Projekt StartIT (Prof. Dziergwa und Prof. Simbeck) 15-18.00 Uhr HTW Berlin, Campus Wilhelminenhof Enjoy interesting workshops and presentations as well as international snacks and beverages! Agenda: 15.30 Welcom16.00 Uhr StartIT: Gestalte Deine eigene App! G11916.45 Uhr Exkursionen ins Ausland &#8211; Vorstellung von Erasmus+\/StartIT (Diashow) G124\u00a017.15 Uhr StartIT: Entrepreneurship (Businessplan Canvas) G12418.00 Close-Out Workshop: Gestalte deine &hellip; <\/p>\n<p class=\"link-more\"><a href=\"https:\/\/iug.htw-berlin.de\/start-it\/8-6-2023-multiplier-event-berlin\/\" class=\"more-link\">Continue reading<span class=\"screen-reader-text\"> &#8220;8.6.2023 Multiplier Event Berlin&#8221;<\/span><\/a><\/p>\n","protected":false},"author":1,"featured_media":0,"parent":0,"menu_order":0,"comment_status":"closed","ping_status":"closed","template":"","meta":[],"_links":{"self":[{"href":"https:\/\/iug.htw-berlin.de\/start-it\/wp-json\/wp\/v2\/pages\/103"}],"collection":[{"href":"https:\/\/iug.htw-berlin.de\/start-it\/wp-json\/wp\/v2\/pages"}],"about":[{"href":"https:\/\/iug.htw-berlin.de\/start-it\/wp-json\/wp\/v2\/types\/page"}],"author":[{"embeddable":true,"href":"https:\/\/iug.htw-berlin.de\/start-it\/wp-json\/wp\/v2\/users\/1"}],"replies":[{"embeddable":true,"href":"https:\/\/iug.htw-berlin.de\/start-it\/wp-json\/wp\/v2\/comments?post=103"}],"version-history":[{"count":2,"href":"https:\/\/iug.htw-berlin.de\/start-it\/wp-json\/wp\/v2\/pages\/103\/revisions"}],"predecessor-version":[{"id":108,"href":"https:\/\/iug.htw-berlin.de\/start-it\/wp-json\/wp\/v2\/pages\/103\/revisions\/108"}],"wp:attachment":[{"href":"https:\/\/iug.htw-berlin.de\/start-it\/wp-json\/wp\/v2\/media?parent=103"}],"curies":[{"name":"wp","href":"https:\/\/api.w.org\/{rel}","templated":true}]}}